{"id":2455,"date":"2022-08-04T11:50:03","date_gmt":"2022-08-04T14:50:03","guid":{"rendered":"https:\/\/www.telessaude.uerj.br\/site\/?page_id=2455"},"modified":"2024-10-03T14:11:53","modified_gmt":"2024-10-03T17:11:53","slug":"historicosres","status":"publish","type":"page","link":"https:\/\/www.telessaude.uerj.br\/site\/historicosres\/","title":{"rendered":"Hist\u00f3rico S-RES"},"content":{"rendered":"\n<p><\/p>\n\n\n\n<p><strong>Sistemas de Registro Eletr\u00f4nico em Sa\u00fade desenvolvidos e patenteados pelo Telessa\u00fade UERJ.<\/strong><\/p>\n\n\n\n<figure class=\"wp-block-image size-full\"><img loading=\"lazy\" decoding=\"async\" width=\"300\" height=\"219\" src=\"https:\/\/www.telessaude.uerj.br\/site\/wp-content\/uploads\/sites\/4\/2023\/01\/cruztele-1.png\" alt=\"\" class=\"wp-image-2526\" \/><\/figure>\n\n\n\n<p><li><strong style=\"font-size: revert\">2023 &#8211; Sistema de Teleassist\u00eancia<\/strong><span style=\"font-size: revert\"> (Teleconsulta, Teleinterconsulta e Teleconsultoria)<\/span><\/li><\/p>\n\n\n\n<figure class=\"wp-block-image size-full\"><img loading=\"lazy\" decoding=\"async\" width=\"162\" height=\"200\" src=\"https:\/\/www.telessaude.uerj.br\/site\/wp-content\/uploads\/sites\/4\/2023\/01\/st800site.png\" alt=\"\" class=\"wp-image-2560\" \/><\/figure>\n\n\n\n<p><li><strong>Sistema de Teleorienta\u00e7\u00e3o<\/strong><\/li><\/p>\n\n\n\n<figure class=\"wp-block-image\"><a href=\"https:\/\/www.telessaude.uerj.br\/teleassistencia\/\"><img loading=\"lazy\" decoding=\"async\" width=\"200\" height=\"200\" src=\"https:\/\/www.telessaude.uerj.br\/wp-content\/uploads\/sites\/4\/2018\/08\/devsiedis.jpg\" alt=\"\" class=\"wp-image-1364\" srcset=\"https:\/\/www.telessaude.uerj.br\/site\/wp-content\/uploads\/sites\/4\/2018\/08\/devsiedis.jpg 200w, https:\/\/www.telessaude.uerj.br\/site\/wp-content\/uploads\/sites\/4\/2018\/08\/devsiedis-150x150.jpg 150w, https:\/\/www.telessaude.uerj.br\/site\/wp-content\/uploads\/sites\/4\/2018\/08\/devsiedis-100x100.jpg 100w\" sizes=\"auto, (max-width: 200px) 100vw, 200px\" \/><\/a><\/figure>\n\n\n\n<p><\/p>\n\n\n\n<ul class=\"wp-block-list\">\n<li><strong>Sistema de e-Diagn\u00f3stico <\/strong>(Telediagn\u00f3stico)<\/li>\n<\/ul>\n\n\n\n<p><\/p>\n\n\n\n<figure class=\"wp-block-image\"><a href=\"https:\/\/www.telessaude.uerj.br\/teleassistencia\/\"><img loading=\"lazy\" decoding=\"async\" width=\"250\" height=\"203\" src=\"https:\/\/www.telessaude.uerj.br\/wp-content\/uploads\/sites\/4\/2018\/08\/devsiates.jpg\" alt=\"\" class=\"wp-image-1365\" \/><\/a><\/figure>\n\n\n\n<ul class=\"wp-block-list\">\n<li><strong>Sistema de Apoio \u00e0 Teleconsultoria em Sa\u00fade<\/strong> (Aten\u00e7\u00e3o Prim\u00e1ria)<\/li>\n<\/ul>\n","protected":false},"excerpt":{"rendered":"<p>Sistemas de Registro Eletr\u00f4nico em Sa\u00fade desenvolvidos e patenteados pelo Telessa\u00fade UERJ. 2023 &#8211; Sistema de Teleassist\u00eancia (Teleconsulta, Teleinterconsulta e [&hellip;]<\/p>\n","protected":false},"author":1,"featured_media":0,"parent":0,"menu_order":0,"comment_status":"closed","ping_status":"closed","template":"","meta":{"_monsterinsights_skip_tracking":false,"_monsterinsights_sitenote_active":false,"_monsterinsights_sitenote_note":"","_monsterinsights_sitenote_category":0,"footnotes":""},"class_list":["post-2455","page","type-page","status-publish","hentry"],"aioseo_notices":[],"_links":{"self":[{"href":"https:\/\/www.telessaude.uerj.br\/site\/wp-json\/wp\/v2\/pages\/2455","targetHints":{"allow":["GET"]}}],"collection":[{"href":"https:\/\/www.telessaude.uerj.br\/site\/wp-json\/wp\/v2\/pages"}],"about":[{"href":"https:\/\/www.telessaude.uerj.br\/site\/wp-json\/wp\/v2\/types\/page"}],"author":[{"embeddable":true,"href":"https:\/\/www.telessaude.uerj.br\/site\/wp-json\/wp\/v2\/users\/1"}],"replies":[{"embeddable":true,"href":"https:\/\/www.telessaude.uerj.br\/site\/wp-json\/wp\/v2\/comments?post=2455"}],"version-history":[{"count":1,"href":"https:\/\/www.telessaude.uerj.br\/site\/wp-json\/wp\/v2\/pages\/2455\/revisions"}],"predecessor-version":[{"id":3179,"href":"https:\/\/www.telessaude.uerj.br\/site\/wp-json\/wp\/v2\/pages\/2455\/revisions\/3179"}],"wp:attachment":[{"href":"https:\/\/www.telessaude.uerj.br\/site\/wp-json\/wp\/v2\/media?parent=2455"}],"curies":[{"name":"wp","href":"https:\/\/api.w.org\/{rel}","templated":true}]}}