{"id":2758,"date":"2023-07-05T14:00:12","date_gmt":"2023-07-05T17:00:12","guid":{"rendered":"https:\/\/www.telessaude.uerj.br\/site\/?page_id=2758"},"modified":"2023-08-09T16:52:53","modified_gmt":"2023-08-09T19:52:53","slug":"programacao-simposio-20-anos-de-telessaude-na-uerj","status":"publish","type":"page","link":"https:\/\/www.telessaude.uerj.br\/site\/programacao-simposio-20-anos-de-telessaude-na-uerj\/","title":{"rendered":"Programa\u00e7\u00e3o \u2013 Simp\u00f3sio 20 Anos de Telessa\u00fade na UERJ"},"content":{"rendered":"<h2>Programa\u00e7\u00e3o<\/h2>\n<h3>25 de agosto de 2023<\/h3>\n<ul>\n<li style=\"list-style-type: none;margin-top: 20px\">\n<ul>\n<li>(8h30) <strong>ABERTURA<\/strong> | Autoridades<\/li>\n<\/ul>\n<\/li>\n<\/ul>\n<ul>\n<li style=\"list-style-type: none\">\n<ul>\n<li>(9h00 \u2013 10h30) Painel | <strong>TELESSA\u00daDE E SA\u00daDE DIGITAL NO BRASIL<\/strong><br \/>\nModera\u00e7\u00e3o: <strong>Ricardo Vieralves de Castro<\/strong> | UERJ<br \/>\nPalestrantes convidados:<br \/>\n<strong>Ana Estela Haddad<\/strong> | Secret\u00e1ria de Informa\u00e7\u00e3o e Sa\u00fade Digital do Brasil | MS<br \/>\n<strong>Alexandra Monteiro<\/strong> | Coordenadora de Telessa\u00fade e Sa\u00fade Digital | UERJ<\/li>\n<\/ul>\n<\/li>\n<\/ul>\n<ul>\n<li style=\"list-style-type: none\">\n<ul>\n<li>(11h00 \u2013 12h30) Painel | <strong>FORMA\u00c7\u00c3O DE PESSOAS, PESQUISA E INOVA\u00c7\u00c3O COMO ESTRAT\u00c9GIA DE TRANSFORMA\u00c7\u00c3O DIGITAL NA SA\u00daDE<\/strong><br \/>\nModera\u00e7\u00e3o: <strong>Alexandra Monteiro e Egberto Gaspar de Moura<\/strong> | UERJ<br \/>\nPalestrantes convidados:<br \/>\n<strong>Marcia Taborda |<\/strong> Diretora do Departamento de Desenvolvimento Acad\u00eamico e Projetos de Inova\u00e7\u00e3o | UERJ<strong><br \/>\nLuiz Ary Messina<\/strong> | Coordenador da Rede Universit\u00e1ria de Telemedicina | RNP<br \/>\n<strong>Luis Felipe Ribeiro Pinto<\/strong> | Ex-Coordenador da \u00e1rea Medicina I nas Ci\u00eancias da Vida | CAPES<br \/>\n<strong>Wim Degrave<\/strong> | Pesquisador Titular do Instituto Oswaldo Cruz, Laborat\u00f3rio de Gen\u00f4mica Aplicada e Bioinova\u00e7\u00f5es | FIOCRUZ<\/li>\n<\/ul>\n<\/li>\n<\/ul>\n<ul>\n<li style=\"list-style-type: none\">\n<ul>\n<li>(14h00 \u2013 15h30) Painel | <strong>ECOSSISTEMA DE INOVA\u00c7\u00c3O INOVA-HUPE-UERJ<\/strong><br \/>\nModera\u00e7\u00e3o: <strong>Alexandra Monteiro, Marinilza Bruno e Ronaldo Dami\u00e3o<\/strong> | UERJ<br \/>\n<strong>Desafio 2023: Oncologia um Olhar para o Futuro<br \/>\n<\/strong>Apresenta\u00e7\u00e3o PITCH dos projetos aprovados<strong style=\"font-size: revert\"><br \/>\n<\/strong><strong>\u2022 Maria.prevent<\/strong><br \/>\n<strong>\u2022 MOVIT<\/strong><br \/>\n<strong>\u2022 Oncologia de precis\u00e3o: Bi\u00f3psia l\u00edquida de urina para detec\u00e7\u00e3o do c\u00e2ncer de pr\u00f3stata<\/strong><br \/>\n<strong>\u2022 Oncomigo<\/strong><br \/>\n<strong>\u2022 Paliativando App<\/strong><br \/>\n<strong><strong><strong>\u2022 Estratificador de Risco para C\u00e2ncer de Mama atrav\u00e9s da An\u00e1lise de Exames de Rotina com Intelig\u00eancia Artificial<\/strong><\/strong><\/strong><\/li>\n<\/ul>\n<\/li>\n<li><strong>JURADOS<br \/>\n<\/strong><strong>Alex Lucena &#8211; <\/strong>Vice-presidente de Sa\u00fade ASSESPRO RJ<br \/>\n<strong>Emanuela Rainho<\/strong> &#8211; Vice-presidente ABSS RJ<br \/>\n<strong>Luis Felipe Ribeiro Pinto<\/strong> &#8211; Coordenador de Pesquisa INCA<br \/>\n<strong>Marcos Oliveira<\/strong> &#8211; Especialista em Projetos da Ger\u00eancia de Ambientes de Inova\u00e7\u00e3o FIRJAN<br \/>\n<strong>Tereza Ferreira<\/strong> &#8211; Coordenadora do Escrit\u00f3rio Regional Rio 3 SEBRAE<\/li>\n<li style=\"margin-top: 20px\"><strong>PREMIA\u00c7\u00c3O<\/strong> do melhor projeto <a href=\"https:\/\/hupedigital.hupe.uerj.br\/\">Edital INOVAHUPE 2023<\/a><\/li>\n<li style=\"margin-top: 20px\"><strong>ENCERRAMENTO<\/strong><\/li>\n<\/ul>\n<p><strong>EVENTO PRESENCIAL<\/strong><br \/>\n<strong>Local:<\/strong> Audit\u00f3rio no Centro de Pesquisa Cl\u00ednica Multiusu\u00e1rio (<strong>CePeM<\/strong>). Hospital Universit\u00e1rio Pedro Ernesto (<strong>HUPE<\/strong>). <strong>UERJ<\/strong>.<br \/>\nBoulevard Vinte e Oito de Setembro, 77. Vila Isabel. Rio de Janeiro. RJ.<\/p>\n<h2><a href=\"https:\/\/www.even3.com.br\/congressohupe2023\/\"><strong>INSCREVA-SE!\u00a0<\/strong><\/a><\/h2>\n","protected":false},"excerpt":{"rendered":"<p>Programa\u00e7\u00e3o 25 de agosto de 2023 (8h30) ABERTURA | Autoridades (9h00 \u2013 10h30) Painel | TELESSA\u00daDE E SA\u00daDE DIGITAL NO [&hellip;]<\/p>\n","protected":false},"author":4,"featured_media":0,"parent":0,"menu_order":0,"comment_status":"closed","ping_status":"closed","template":"","meta":{"_monsterinsights_skip_tracking":false,"_monsterinsights_sitenote_active":false,"_monsterinsights_sitenote_note":"","_monsterinsights_sitenote_category":0,"footnotes":""},"class_list":["post-2758","page","type-page","status-publish","hentry"],"aioseo_notices":[],"_links":{"self":[{"href":"https:\/\/www.telessaude.uerj.br\/site\/wp-json\/wp\/v2\/pages\/2758","targetHints":{"allow":["GET"]}}],"collection":[{"href":"https:\/\/www.telessaude.uerj.br\/site\/wp-json\/wp\/v2\/pages"}],"about":[{"href":"https:\/\/www.telessaude.uerj.br\/site\/wp-json\/wp\/v2\/types\/page"}],"author":[{"embeddable":true,"href":"https:\/\/www.telessaude.uerj.br\/site\/wp-json\/wp\/v2\/users\/4"}],"replies":[{"embeddable":true,"href":"https:\/\/www.telessaude.uerj.br\/site\/wp-json\/wp\/v2\/comments?post=2758"}],"version-history":[{"count":1,"href":"https:\/\/www.telessaude.uerj.br\/site\/wp-json\/wp\/v2\/pages\/2758\/revisions"}],"predecessor-version":[{"id":2851,"href":"https:\/\/www.telessaude.uerj.br\/site\/wp-json\/wp\/v2\/pages\/2758\/revisions\/2851"}],"wp:attachment":[{"href":"https:\/\/www.telessaude.uerj.br\/site\/wp-json\/wp\/v2\/media?parent=2758"}],"curies":[{"name":"wp","href":"https:\/\/api.w.org\/{rel}","templated":true}]}}