{"id":2859,"date":"2023-08-10T13:42:19","date_gmt":"2023-08-10T16:42:19","guid":{"rendered":"https:\/\/www.telessaude.uerj.br\/site\/?page_id=2859"},"modified":"2024-01-17T13:55:46","modified_gmt":"2024-01-17T16:55:46","slug":"premios","status":"publish","type":"page","link":"https:\/\/www.telessaude.uerj.br\/site\/premios\/","title":{"rendered":"Pr\u00eamios"},"content":{"rendered":"<p style=\"text-align: center\">\n<p style=\"text-align: center\"><img loading=\"lazy\" decoding=\"async\" class=\"alignnone size-full wp-image-2864\" src=\"https:\/\/www.telessaude.uerj.br\/site\/wp-content\/uploads\/sites\/4\/2023\/08\/PREMIO3.jpg\" alt=\"\" width=\"600\" height=\"412\" srcset=\"https:\/\/www.telessaude.uerj.br\/site\/wp-content\/uploads\/sites\/4\/2023\/08\/PREMIO3.jpg 600w, https:\/\/www.telessaude.uerj.br\/site\/wp-content\/uploads\/sites\/4\/2023\/08\/PREMIO3-300x206.jpg 300w\" sizes=\"auto, (max-width: 600px) 100vw, 600px\" \/><\/p>\n<p style=\"text-align: center\"><strong>2017 &#8211; O N\u00facleo Telessa\u00fade Estadual do Rio de Janeiro RJ<span class=\"Apple-converted-space\">\u00a0 <\/span>esteve presente e recebeu certificado de reconhecimento por participar do projeto Telessa\u00fade Brasil Redes por 10 anos<\/strong><\/p>\n<hr \/>\n<p style=\"text-align: center\"><img loading=\"lazy\" decoding=\"async\" class=\"size-full wp-image-2863 aligncenter\" src=\"https:\/\/www.telessaude.uerj.br\/site\/wp-content\/uploads\/sites\/4\/2023\/08\/PREMIO2.jpg\" alt=\"\" width=\"600\" height=\"421\" srcset=\"https:\/\/www.telessaude.uerj.br\/site\/wp-content\/uploads\/sites\/4\/2023\/08\/PREMIO2.jpg 600w, https:\/\/www.telessaude.uerj.br\/site\/wp-content\/uploads\/sites\/4\/2023\/08\/PREMIO2-300x211.jpg 300w\" sizes=\"auto, (max-width: 600px) 100vw, 600px\" \/><\/p>\n<p style=\"text-align: center\"><strong>2013 &#8211; Premia\u00e7\u00e3o \u201cCertificado de Mejores Praticas em Telesalud em America Latina\u201dpela Organiza\u00e7\u00e3o Panamericana de Sa\u00fade<\/strong><\/p>\n<hr \/>\n<p style=\"text-align: center\"><img loading=\"lazy\" decoding=\"async\" class=\"alignnone size-full wp-image-2862 aligncenter\" src=\"https:\/\/www.telessaude.uerj.br\/site\/wp-content\/uploads\/sites\/4\/2023\/08\/PREMIO1.jpg\" alt=\"\" width=\"600\" height=\"412\" srcset=\"https:\/\/www.telessaude.uerj.br\/site\/wp-content\/uploads\/sites\/4\/2023\/08\/PREMIO1.jpg 600w, https:\/\/www.telessaude.uerj.br\/site\/wp-content\/uploads\/sites\/4\/2023\/08\/PREMIO1-300x206.jpg 300w\" sizes=\"auto, (max-width: 600px) 100vw, 600px\" \/><\/p>\n<p style=\"text-align: center\"><strong>2012 &#8211; Premia\u00e7\u00e3o \u201cPresidencial Service Arward in Recognition of Outstanding Service\u201d pela International Society for Telemedicine and eHeatlh<\/strong><\/p>\n","protected":false},"excerpt":{"rendered":"<p>2017 &#8211; O N\u00facleo Telessa\u00fade Estadual do Rio de Janeiro RJ\u00a0 esteve presente e recebeu certificado de reconhecimento por participar [&hellip;]<\/p>\n","protected":false},"author":4,"featured_media":0,"parent":0,"menu_order":0,"comment_status":"closed","ping_status":"closed","template":"","meta":{"_monsterinsights_skip_tracking":false,"_monsterinsights_sitenote_active":false,"_monsterinsights_sitenote_note":"","_monsterinsights_sitenote_category":0,"footnotes":""},"class_list":["post-2859","page","type-page","status-publish","hentry"],"aioseo_notices":[],"_links":{"self":[{"href":"https:\/\/www.telessaude.uerj.br\/site\/wp-json\/wp\/v2\/pages\/2859","targetHints":{"allow":["GET"]}}],"collection":[{"href":"https:\/\/www.telessaude.uerj.br\/site\/wp-json\/wp\/v2\/pages"}],"about":[{"href":"https:\/\/www.telessaude.uerj.br\/site\/wp-json\/wp\/v2\/types\/page"}],"author":[{"embeddable":true,"href":"https:\/\/www.telessaude.uerj.br\/site\/wp-json\/wp\/v2\/users\/4"}],"replies":[{"embeddable":true,"href":"https:\/\/www.telessaude.uerj.br\/site\/wp-json\/wp\/v2\/comments?post=2859"}],"version-history":[{"count":1,"href":"https:\/\/www.telessaude.uerj.br\/site\/wp-json\/wp\/v2\/pages\/2859\/revisions"}],"predecessor-version":[{"id":3085,"href":"https:\/\/www.telessaude.uerj.br\/site\/wp-json\/wp\/v2\/pages\/2859\/revisions\/3085"}],"wp:attachment":[{"href":"https:\/\/www.telessaude.uerj.br\/site\/wp-json\/wp\/v2\/media?parent=2859"}],"curies":[{"name":"wp","href":"https:\/\/api.w.org\/{rel}","templated":true}]}}