{"id":3281,"date":"2024-12-12T10:53:00","date_gmt":"2024-12-12T13:53:00","guid":{"rendered":"https:\/\/www.telessaude.uerj.br\/site\/?page_id=3281"},"modified":"2024-12-12T11:07:02","modified_gmt":"2024-12-12T14:07:02","slug":"livro-empreendedorismo-e-inovacao-saude-3d","status":"publish","type":"page","link":"https:\/\/www.telessaude.uerj.br\/site\/livro-empreendedorismo-e-inovacao-saude-3d\/","title":{"rendered":"LIVRO EMPREENDEDORISMO E INOVA\u00c7\u00c3O &#8211; SA\u00daDE 3D"},"content":{"rendered":"<h2><img loading=\"lazy\" decoding=\"async\" class=\"wp-image-2418 size-medium aligncenter\" src=\"https:\/\/www.telessaude.uerj.br\/site\/wp-content\/uploads\/sites\/4\/2022\/06\/logopaginanova-e1734012414628-300x149.png\" alt=\"\" width=\"300\" height=\"149\" srcset=\"https:\/\/www.telessaude.uerj.br\/site\/wp-content\/uploads\/sites\/4\/2022\/06\/logopaginanova-e1734012414628-300x149.png 300w, https:\/\/www.telessaude.uerj.br\/site\/wp-content\/uploads\/sites\/4\/2022\/06\/logopaginanova-e1734012414628.png 475w\" sizes=\"auto, (max-width: 300px) 100vw, 300px\" \/><\/h2>\n<h2 style=\"text-align: center\"><div class=\"_df_book df-lite\" id=\"df_3279\"  _slug=\"3279\" data-title=\"saude-3d-integra\" wpoptions=\"true\" thumb=\"https:\/\/www.telessaude.uerj.br\/site\/wp-content\/uploads\/sites\/4\/2024\/12\/Captura-de-Tela-2024-12-12-as-10.53.15.png\" thumbtype=\"\" ><\/div><script class=\"df-shortcode-script\" nowprocket type=\"application\/javascript\">window.option_df_3279 = {\"outline\":[],\"autoEnableOutline\":\"false\",\"autoEnableThumbnail\":\"false\",\"overwritePDFOutline\":\"false\",\"direction\":\"1\",\"pageSize\":\"0\",\"maxTextureSize\":\"1024\",\"source\":\"https:\\\/\\\/www.telessaude.uerj.br\\\/site\\\/wp-content\\\/uploads\\\/sites\\\/4\\\/2024\\\/12\\\/ebook_saude_v1.pdf\",\"wpOptions\":\"true\"}; if(window.DFLIP && window.DFLIP.parseBooks){window.DFLIP.parseBooks();}<\/script><\/h2>\n","protected":false},"excerpt":{"rendered":"","protected":false},"author":4,"featured_media":0,"parent":0,"menu_order":0,"comment_status":"closed","ping_status":"closed","template":"","meta":{"_monsterinsights_skip_tracking":false,"_monsterinsights_sitenote_active":false,"_monsterinsights_sitenote_note":"","_monsterinsights_sitenote_category":0,"footnotes":""},"class_list":["post-3281","page","type-page","status-publish","hentry"],"aioseo_notices":[],"_links":{"self":[{"href":"https:\/\/www.telessaude.uerj.br\/site\/wp-json\/wp\/v2\/pages\/3281","targetHints":{"allow":["GET"]}}],"collection":[{"href":"https:\/\/www.telessaude.uerj.br\/site\/wp-json\/wp\/v2\/pages"}],"about":[{"href":"https:\/\/www.telessaude.uerj.br\/site\/wp-json\/wp\/v2\/types\/page"}],"author":[{"embeddable":true,"href":"https:\/\/www.telessaude.uerj.br\/site\/wp-json\/wp\/v2\/users\/4"}],"replies":[{"embeddable":true,"href":"https:\/\/www.telessaude.uerj.br\/site\/wp-json\/wp\/v2\/comments?post=3281"}],"version-history":[{"count":1,"href":"https:\/\/www.telessaude.uerj.br\/site\/wp-json\/wp\/v2\/pages\/3281\/revisions"}],"predecessor-version":[{"id":3292,"href":"https:\/\/www.telessaude.uerj.br\/site\/wp-json\/wp\/v2\/pages\/3281\/revisions\/3292"}],"wp:attachment":[{"href":"https:\/\/www.telessaude.uerj.br\/site\/wp-json\/wp\/v2\/media?parent=3281"}],"curies":[{"name":"wp","href":"https:\/\/api.w.org\/{rel}","templated":true}]}}