{"id":3296,"date":"2024-12-16T13:31:43","date_gmt":"2024-12-16T16:31:43","guid":{"rendered":"https:\/\/www.telessaude.uerj.br\/site\/?page_id=3296"},"modified":"2025-07-24T12:34:05","modified_gmt":"2025-07-24T15:34:05","slug":"iniciacao-cientifica","status":"publish","type":"page","link":"https:\/\/www.telessaude.uerj.br\/site\/iniciacao-cientifica\/","title":{"rendered":"Inicia\u00e7\u00e3o Cient\u00edfica"},"content":{"rendered":"<p><img loading=\"lazy\" decoding=\"async\" class=\"aligncenter wp-image-3297\" src=\"https:\/\/www.telessaude.uerj.br\/site\/wp-content\/uploads\/sites\/4\/2024\/12\/iniciacaocolorida-300x297.png\" alt=\"\" width=\"350\" height=\"346\" \/><\/p>\n<h2 style=\"text-align: center\">Programa de Inicia\u00e7\u00e3o Cient\u00edfica em Telessa\u00fade e Sa\u00fade Digital<\/h2>\n<h3><\/h3>\n<p style=\"text-align: left\"><strong>Linhas de Pesquisa:<\/strong><\/p>\n<ul>\n<li style=\"text-align: left\">Tecnologias para <strong>Assist\u00eancia Remota<\/strong> em Sa\u00fade<\/li>\n<li style=\"text-align: left\">Tecnologias para <strong>Educa\u00e7\u00e3o<\/strong> em Sa\u00fade<\/li>\n<li style=\"text-align: left\">Tecnologias para produ\u00e7\u00e3o de <strong>Informa\u00e7\u00e3o<\/strong> e <strong>Intelig\u00eancia Artificial<\/strong> em Sa\u00fade<\/li>\n<li>Tecnologias <strong>Tridimensionais<\/strong> em Sa\u00fade.<br \/>\n<hr \/>\n<\/li>\n<li><strong>P\u00fablico-alvo<\/strong>: Multiprofissional<\/li>\n<li><strong>Quem por participar:<\/strong> Alunos em cursos de gradua\u00e7\u00e3o na UERJ<\/li>\n<\/ul>\n<hr \/>\n<p><strong>Certifica\u00e7\u00e3o:<\/strong> DCARH-PR2-UERJ<\/p>\n<h3 style=\"text-align: left\"><\/h3>\n","protected":false},"excerpt":{"rendered":"<p>Programa de Inicia\u00e7\u00e3o Cient\u00edfica em Telessa\u00fade e Sa\u00fade Digital Linhas de Pesquisa: Tecnologias para Assist\u00eancia Remota em Sa\u00fade Tecnologias para [&hellip;]<\/p>\n","protected":false},"author":4,"featured_media":0,"parent":0,"menu_order":0,"comment_status":"closed","ping_status":"closed","template":"","meta":{"_monsterinsights_skip_tracking":false,"_monsterinsights_sitenote_active":false,"_monsterinsights_sitenote_note":"","_monsterinsights_sitenote_category":0,"footnotes":""},"class_list":["post-3296","page","type-page","status-publish","hentry"],"aioseo_notices":[],"_links":{"self":[{"href":"https:\/\/www.telessaude.uerj.br\/site\/wp-json\/wp\/v2\/pages\/3296","targetHints":{"allow":["GET"]}}],"collection":[{"href":"https:\/\/www.telessaude.uerj.br\/site\/wp-json\/wp\/v2\/pages"}],"about":[{"href":"https:\/\/www.telessaude.uerj.br\/site\/wp-json\/wp\/v2\/types\/page"}],"author":[{"embeddable":true,"href":"https:\/\/www.telessaude.uerj.br\/site\/wp-json\/wp\/v2\/users\/4"}],"replies":[{"embeddable":true,"href":"https:\/\/www.telessaude.uerj.br\/site\/wp-json\/wp\/v2\/comments?post=3296"}],"version-history":[{"count":1,"href":"https:\/\/www.telessaude.uerj.br\/site\/wp-json\/wp\/v2\/pages\/3296\/revisions"}],"predecessor-version":[{"id":3483,"href":"https:\/\/www.telessaude.uerj.br\/site\/wp-json\/wp\/v2\/pages\/3296\/revisions\/3483"}],"wp:attachment":[{"href":"https:\/\/www.telessaude.uerj.br\/site\/wp-json\/wp\/v2\/media?parent=3296"}],"curies":[{"name":"wp","href":"https:\/\/api.w.org\/{rel}","templated":true}]}}