{"id":336,"date":"2017-01-02T08:28:52","date_gmt":"2017-01-02T08:28:52","guid":{"rendered":"https:\/\/demo.themegrill.com\/flash-default-2\/?page_id=5"},"modified":"2026-02-12T16:39:39","modified_gmt":"2026-02-12T19:39:39","slug":"home","status":"publish","type":"page","link":"https:\/\/www.telessaude.uerj.br\/site\/","title":{"rendered":"Home"},"content":{"rendered":"<div id=\"pl-336\"  class=\"panel-layout\" ><div id=\"pg-336-0\"  class=\"panel-grid panel-has-style\" ><div class=\"siteorigin-panels-stretch panel-row-style panel-row-style-for-336-0\" data-stretch-type=\"full-width-stretch\" ><div id=\"pgc-336-0-0\"  class=\"panel-grid-cell\" ><div id=\"panel-336-0-0-0\" class=\"so-panel widget widget_themegrill_flash_slider tg-section tg-slider-widget panel-first-child panel-last-child\" data-index=\"0\" ><div class=\"tg-slider-widget slider-dark slider-content-center slider-control-center full-width\">\n\t<div class=\"swiper-container\">\n\t\t<div class=\"swiper-wrapper\">\n\t\t\t\n\t\t\t\t\t<div class=\"swiper-slide\">\n\t\t\t\t\t\t<figure class=\"slider-image\" >\n\t\t\t\t\t\t\t<img width=\"2240\" height=\"699\"\t\t\t\t\t\t\t\t\tsrc=\"https:\/\/www.telessaude.uerj.br\/site\/wp-content\/uploads\/sites\/4\/2023\/10\/banner1.jpg\"\n\t\t\t\t\t\t\t\t\talt=\"TELESSA\u00daDE UERJ | N\u00daCLEO DE TELESSA\u00daDE E SA\u00daDE DIGITAL\"\n\t\t\t\t\t\t\t\t\ttitle=\"TELESSA\u00daDE UERJ | N\u00daCLEO DE TELESSA\u00daDE E SA\u00daDE DIGITAL\"\/>\n\t\t\t\t\t\t\t<div class=\"overlay\"><\/div>\n\t\t\t\t\t\t<\/figure>\n\t\t\t\t\t\t<div class=\"slider-content\">\n\t\t\t\t\t\t\t<div class=\"tg-container\">\n\t\t\t\t\t\t\t\t<div class=\"caption-title\">TELESSA\u00daDE UERJ | N\u00daCLEO DE TELESSA\u00daDE E SA\u00daDE DIGITAL<\/div>\n\t\t\t\t\t\t\t\t<div class=\"caption-desc\">SEJA BEM VINDO!<\/div>\n\t\t\t\t\t\t\t\t\t\t\t\t\t\t\t<\/div>\n\t\t\t\t\t\t<\/div>\n\t\t\t\t\t<\/div>\n\n\t\t\t\t\n\t\t\t\t\t<div class=\"swiper-slide\">\n\t\t\t\t\t\t<figure class=\"slider-image\" >\n\t\t\t\t\t\t\t<img width=\"2240\" height=\"699\"\t\t\t\t\t\t\t\t\tsrc=\"https:\/\/www.telessaude.uerj.br\/site\/wp-content\/uploads\/sites\/4\/2023\/10\/pesquisa.jpg\"\n\t\t\t\t\t\t\t\t\talt=\"Ensino, Pesquisa, Extens\u00e3o, Assist\u00eancia e Inova\u00e7\u00e3o \"\n\t\t\t\t\t\t\t\t\ttitle=\"Ensino, Pesquisa, Extens\u00e3o, Assist\u00eancia e Inova\u00e7\u00e3o \"\/>\n\t\t\t\t\t\t\t<div class=\"overlay\"><\/div>\n\t\t\t\t\t\t<\/figure>\n\t\t\t\t\t\t<div class=\"slider-content\">\n\t\t\t\t\t\t\t<div class=\"tg-container\">\n\t\t\t\t\t\t\t\t<div class=\"caption-title\">Ensino, Pesquisa, Extens\u00e3o, Assist\u00eancia e Inova\u00e7\u00e3o <\/div>\n\t\t\t\t\t\t\t\t<div class=\"caption-desc\">nas Tecnologias Digitais em Sa\u00fade<\/div>\n\t\t\t\t\t\t\t\t\t\t\t\t\t\t\t<\/div>\n\t\t\t\t\t\t<\/div>\n\t\t\t\t\t<\/div>\n\n\t\t\t\t\t\t<\/div>\n\t\t<div class=\"swiper-pagination\"><\/div>\n\t\t<div class=\"slider-arrow\">\n\t\t\t<div class=\"swiper-button-next\"><\/div>\n\t\t\t<div class=\"swiper-button-prev\"><\/div>\n\t\t<\/div>\n\t<\/div>\n<\/div>\n<\/div><\/div><\/div><\/div><div id=\"pg-336-1\"  class=\"panel-grid panel-no-style\" ><div id=\"pgc-336-1-0\"  class=\"panel-grid-cell\" ><div id=\"panel-336-1-0-0\" class=\"so-panel widget widget_themegrill_flash_heading tg-widget section-title-wrapper panel-first-child panel-last-child\" data-index=\"1\" ><\/div><\/div><\/div><div id=\"pg-336-2\"  class=\"panel-grid panel-no-style\" ><div id=\"pgc-336-2-0\"  class=\"panel-grid-cell\" ><div id=\"panel-336-2-0-0\" class=\"so-panel widget widget_themegrill_flash_heading tg-widget section-title-wrapper panel-first-child panel-last-child\" data-index=\"2\" ><\/div><\/div><\/div><div id=\"pg-336-3\"  class=\"panel-grid panel-no-style\" ><div id=\"pgc-336-3-0\"  class=\"panel-grid-cell\" ><div id=\"panel-336-3-0-0\" class=\"so-panel widget widget_themegrill_flash_heading tg-widget section-title-wrapper panel-first-child panel-last-child\" data-index=\"3\" ><\/div><\/div><\/div><div id=\"pg-336-4\"  class=\"panel-grid panel-no-style\" ><div id=\"pgc-336-4-0\"  class=\"panel-grid-cell\" ><div id=\"panel-336-4-0-0\" class=\"so-panel widget widget_themegrill_flash_heading tg-widget section-title-wrapper panel-first-child panel-last-child\" data-index=\"4\" ><\/div><\/div><\/div><div id=\"pg-336-5\"  class=\"panel-grid panel-has-style\" ><div class=\"ps2id panel-row-style panel-row-style-for-336-5\" id=\"cadastro\" ><div id=\"pgc-336-5-0\"  class=\"panel-grid-cell\" ><div id=\"panel-336-5-0-0\" class=\"so-panel widget widget_media_image panel-first-child panel-last-child\" data-index=\"5\" ><div class=\"panel-widget-style panel-widget-style-for-336-5-0-0\" ><img loading=\"lazy\" decoding=\"async\" width=\"500\" height=\"481\" src=\"https:\/\/www.telessaude.uerj.br\/site\/wp-content\/uploads\/sites\/4\/2018\/05\/hand-768x739.png\" class=\"image wp-image-1067  attachment-500x481 size-500x481\" alt=\"\" style=\"max-width: 100%; height: auto;\" srcset=\"https:\/\/www.telessaude.uerj.br\/site\/wp-content\/uploads\/sites\/4\/2018\/05\/hand-768x739.png 768w, https:\/\/www.telessaude.uerj.br\/site\/wp-content\/uploads\/sites\/4\/2018\/05\/hand-300x289.png 300w, https:\/\/www.telessaude.uerj.br\/site\/wp-content\/uploads\/sites\/4\/2018\/05\/hand-1024x985.png 1024w\" sizes=\"auto, (max-width: 500px) 100vw, 500px\" \/><\/div><\/div><\/div><div id=\"pgc-336-5-1\"  class=\"panel-grid-cell\" ><div id=\"panel-336-5-1-0\" class=\"so-panel widget widget_siteorigin-panels-builder panel-first-child panel-last-child\" data-index=\"6\" ><div class=\"panel-widget-style panel-widget-style-for-336-5-1-0\" ><div id=\"pl-w5bf857e06437d\"  class=\"panel-layout\" ><div id=\"pg-w5bf857e06437d-0\"  class=\"panel-grid panel-no-style\" ><div id=\"pgc-w5bf857e06437d-0-0\"  class=\"panel-grid-cell\" ><div id=\"panel-w5bf857e06437d-0-0-0\" class=\"widget_text so-panel widget widget_custom_html panel-first-child panel-last-child\" data-index=\"0\" ><div class=\"widget_text panel-widget-style panel-widget-style-for-w5bf857e06437d-0-0-0\" ><div class=\"textwidget custom-html-widget\"><h2  style=\"font-weight:700; text-align:left\">\n\tCADASTRE-SE PARA ACESSAR NOSSOS SERVI\u00c7OS\n<\/h2>\n<hr style=\"margin-left: 0px; height: 5px; width:30px; background-color:#38AFB7\">\n<br><br>\n<p style=\"text-align:left\">\n\tPara utilizar os servi\u00e7os e ferramentas oferecidas pelo Telessa\u00fade UERJ, \u00e9 essencial a realiza\u00e7\u00e3o do cadastro no link do bot\u00e3o abaixo. Esse cadastro completo \u00e9 imprescind\u00edvel para a seguran\u00e7a de todos os usu\u00e1rios. Mantenha seu dados sempre atualizados.\n<\/p>\n<br>\n<h3 style=\"text-align:left; font-weight:100\">\n\tEM 5 MINUTOS VOC\u00ca COMPLETA SEU CADASTRO. CADASTRE-SE AGORA!  \n<\/h3>\n<\/div><\/div><\/div><\/div><\/div><\/div><\/div><\/div><\/div><\/div><\/div><div id=\"pg-336-6\"  class=\"panel-grid panel-has-style\" ><div class=\"so-parallax siteorigin-panels-stretch panel-row-style panel-row-style-for-336-6\" data-stretch-type=\"full-width-stretch\" ><img fetchpriority=\"high\" decoding=\"async\" width=\"1780\" height=\"216\" src=\"https:\/\/www.telessaude.uerj.br\/site\/wp-content\/uploads\/sites\/4\/2018\/05\/banner_cadastro3-01.png\" class=\"attachment-full size-full\" alt=\"\" data-siteorigin-parallax=\"true\" loading=\"eager\" srcset=\"https:\/\/www.telessaude.uerj.br\/site\/wp-content\/uploads\/sites\/4\/2018\/05\/banner_cadastro3-01.png 1780w, https:\/\/www.telessaude.uerj.br\/site\/wp-content\/uploads\/sites\/4\/2018\/05\/banner_cadastro3-01-300x36.png 300w, https:\/\/www.telessaude.uerj.br\/site\/wp-content\/uploads\/sites\/4\/2018\/05\/banner_cadastro3-01-768x93.png 768w, https:\/\/www.telessaude.uerj.br\/site\/wp-content\/uploads\/sites\/4\/2018\/05\/banner_cadastro3-01-1024x124.png 1024w\" sizes=\"(max-width: 1780px) 100vw, 1780px\" \/><div id=\"pgc-336-6-0\"  class=\"panel-grid-cell\" ><div id=\"panel-336-6-0-0\" class=\"so-panel widget widget_themegrill_flash_cta tg-widget call-to-action-section panel-first-child panel-last-child\" data-index=\"7\" ><div class=\"panel-widget-style panel-widget-style-for-336-6-0-0\" ><div class=\"cta-wrapper call-to-action-section-layout-1\">\n\t<div class=\"section-title-wrapper\">\n\t\t\t\t<h3 class=\"section-title\">Cadastre-se<\/h3>\n\t\t\t\t<h4 class=\"section-subtitle\">Para ter acesso as nossas novidades, aos eventos, aos cursos \u00e0 dist\u00e2ncia, aos certificados de participa\u00e7\u00e3o, dentre outros, mantenha sempre o seu cadastro atualizado! \n<\/h4>\n\t\t\t<\/div>\n\t\t<div class=\"btn-wrapper\">\n\t\t\t\t<a class=\"btn\" href=\"https:\/\/www.telessaude.uerj.br\/cadastro\/\">Cadastro<\/a>\n\t\t\t\t\t<\/div>\n\t<\/div>\n<\/div><\/div><\/div><\/div><\/div><div id=\"pg-336-7\"  class=\"panel-grid panel-no-style\" ><div id=\"pgc-336-7-0\"  class=\"panel-grid-cell\" ><div id=\"panel-336-7-0-0\" class=\"so-panel widget widget_themegrill_flash_heading tg-widget section-title-wrapper panel-first-child panel-last-child\" data-index=\"8\" ><\/div><\/div><\/div><div id=\"pg-336-8\"  class=\"panel-grid panel-has-style\" ><div class=\"ps2id panel-row-style panel-row-style-for-336-8\" id=\"suporte\" ><div id=\"pgc-336-8-0\"  class=\"panel-grid-cell\" ><div id=\"panel-336-8-0-0\" class=\"so-panel widget widget_media_image panel-first-child panel-last-child\" data-index=\"9\" ><img loading=\"lazy\" decoding=\"async\" width=\"5616\" height=\"3744\" src=\"https:\/\/www.telessaude.uerj.br\/site\/wp-content\/uploads\/sites\/4\/2018\/05\/suporte.png\" class=\"image wp-image-1231  attachment-full size-full\" alt=\"\" style=\"max-width: 100%; height: auto;\" srcset=\"https:\/\/www.telessaude.uerj.br\/site\/wp-content\/uploads\/sites\/4\/2018\/05\/suporte.png 5616w, https:\/\/www.telessaude.uerj.br\/site\/wp-content\/uploads\/sites\/4\/2018\/05\/suporte-300x200.png 300w, https:\/\/www.telessaude.uerj.br\/site\/wp-content\/uploads\/sites\/4\/2018\/05\/suporte-768x512.png 768w, https:\/\/www.telessaude.uerj.br\/site\/wp-content\/uploads\/sites\/4\/2018\/05\/suporte-1024x683.png 1024w, https:\/\/www.telessaude.uerj.br\/site\/wp-content\/uploads\/sites\/4\/2018\/05\/suporte-272x182.png 272w\" sizes=\"auto, (max-width: 5616px) 100vw, 5616px\" \/><\/div><\/div><div id=\"pgc-336-8-1\"  class=\"panel-grid-cell\" ><div id=\"panel-336-8-1-0\" class=\"so-panel widget widget_siteorigin-panels-builder panel-first-child panel-last-child\" data-index=\"10\" ><div class=\"panel-widget-style panel-widget-style-for-336-8-1-0\" ><div id=\"pl-w67ab80e51b40a\"  class=\"panel-layout\" ><div id=\"pg-w67ab80e51b40a-0\"  class=\"panel-grid panel-no-style\" ><div id=\"pgc-w67ab80e51b40a-0-0\"  class=\"panel-grid-cell\" ><div id=\"panel-w67ab80e51b40a-0-0-0\" class=\"widget_text so-panel widget widget_custom_html panel-first-child panel-last-child\" data-index=\"0\" ><div class=\"widget_text panel-widget-style panel-widget-style-for-w67ab80e51b40a-0-0-0\" ><div class=\"textwidget custom-html-widget\"><h2  style=\"font-weight:700; text-align:left\">\n\tPRECISANDO DE AJUDA?\n<\/h2>\n<hr style=\"margin-left: 0px; height: 5px; width:30px; background-color:#38AFB7\">\n<br><br>\n<p style=\"text-align:left\">\n\tA Equipe de Suporte do Telessa\u00fade da UERJ est\u00e1 pronta para prestar auxilio em qualquer situa\u00e7\u00e3o que voc\u00ea precise. Abra um chamado em nosso sistema de tickets para ser atendido com organiza\u00e7\u00e3o e seguran\u00e7a. Mande tamb\u00e9m suas sugest\u00f5es, pedidos e solicita\u00e7\u00f5es. \n<\/p>\n<br>\n<h3 style=\"text-align:left; font-weight:100\">\n\tCONTE CONOSCO PARA TE AJUDAR! \n<\/h3>\n<\/div><\/div><\/div><\/div><\/div><\/div><\/div><\/div><\/div><\/div><\/div><div id=\"pg-336-9\"  class=\"panel-grid panel-has-style\" ><div class=\"so-parallax siteorigin-panels-stretch panel-row-style panel-row-style-for-336-9\" data-stretch-type=\"full-width-stretch\" ><img decoding=\"async\" width=\"1920\" height=\"1000\" src=\"https:\/\/www.telessaude.uerj.br\/site\/wp-content\/uploads\/sites\/4\/2017\/01\/CALL-TO-ACTION.jpg\" class=\"attachment-full size-full\" alt=\"\" data-siteorigin-parallax=\"true\" loading=\"eager\" srcset=\"https:\/\/www.telessaude.uerj.br\/site\/wp-content\/uploads\/sites\/4\/2017\/01\/CALL-TO-ACTION.jpg 1920w, https:\/\/www.telessaude.uerj.br\/site\/wp-content\/uploads\/sites\/4\/2017\/01\/CALL-TO-ACTION-300x156.jpg 300w, https:\/\/www.telessaude.uerj.br\/site\/wp-content\/uploads\/sites\/4\/2017\/01\/CALL-TO-ACTION-768x400.jpg 768w, https:\/\/www.telessaude.uerj.br\/site\/wp-content\/uploads\/sites\/4\/2017\/01\/CALL-TO-ACTION-1024x533.jpg 1024w\" sizes=\"(max-width: 1920px) 100vw, 1920px\" \/><div id=\"pgc-336-9-0\"  class=\"panel-grid-cell\" ><div id=\"panel-336-9-0-0\" class=\"so-panel widget widget_themegrill_flash_cta tg-widget call-to-action-section panel-first-child panel-last-child\" data-index=\"11\" ><div class=\"panel-widget-style panel-widget-style-for-336-9-0-0\" ><div class=\"cta-wrapper call-to-action-section-layout-1\">\n\t<div class=\"section-title-wrapper\">\n\t\t\t\t<h3 class=\"section-title\">Precisa de ajuda do Suporte?<\/h3>\n\t\t\t<\/div>\n\t\t<div class=\"btn-wrapper\">\n\t\t\t\t<a class=\"btn\" href=\"https:\/\/www.telessaude.uerj.br\/site\/faleconosco\/\">Abra um chamado<\/a>\n\t\t\t\t\t<\/div>\n\t<\/div>\n<\/div><\/div><\/div><\/div><\/div><div id=\"pg-336-10\"  class=\"panel-grid panel-no-style\" ><div id=\"pgc-336-10-0\"  class=\"panel-grid-cell\" ><div id=\"panel-336-10-0-0\" class=\"so-panel widget widget_themegrill_flash_heading tg-widget section-title-wrapper panel-first-child panel-last-child\" data-index=\"12\" ><\/div><\/div><\/div><div id=\"pg-336-11\"  class=\"panel-grid panel-has-style\" ><div class=\"panel-row-style panel-row-style-for-336-11\" ><div id=\"pgc-336-11-0\"  class=\"panel-grid-cell\" ><div id=\"panel-336-11-0-0\" class=\"so-panel widget widget_themegrill_flash_heading tg-widget section-title-wrapper panel-first-child panel-last-child\" data-index=\"13\" >\t<h3 class=\"section-title\">Conhe\u00e7a nossas atividades, pesquisa e produtos<\/h3>\n<\/div><\/div><\/div><\/div><div id=\"pg-336-12\"  class=\"panel-grid panel-no-style\" ><div id=\"pgc-336-12-0\"  class=\"panel-grid-cell\" ><div id=\"panel-336-12-0-0\" class=\"so-panel widget widget_media_image panel-first-child panel-last-child\" data-index=\"14\" ><a href=\"http:\/\/www.uerj.br\/\"><img loading=\"lazy\" decoding=\"async\" width=\"200\" height=\"200\" src=\"https:\/\/www.telessaude.uerj.br\/site\/wp-content\/uploads\/sites\/4\/2021\/06\/UERJ-LOGO-LAB.png\" class=\"image wp-image-2191  attachment-full size-full\" alt=\"\" style=\"max-width: 100%; height: auto;\" srcset=\"https:\/\/www.telessaude.uerj.br\/site\/wp-content\/uploads\/sites\/4\/2021\/06\/UERJ-LOGO-LAB.png 200w, https:\/\/www.telessaude.uerj.br\/site\/wp-content\/uploads\/sites\/4\/2021\/06\/UERJ-LOGO-LAB-150x150.png 150w, https:\/\/www.telessaude.uerj.br\/site\/wp-content\/uploads\/sites\/4\/2021\/06\/UERJ-LOGO-LAB-100x100.png 100w\" sizes=\"auto, (max-width: 200px) 100vw, 200px\" \/><\/a><\/div><\/div><div id=\"pgc-336-12-1\"  class=\"panel-grid-cell\" ><div id=\"panel-336-12-1-0\" class=\"so-panel widget widget_media_image panel-first-child panel-last-child\" data-index=\"15\" ><a href=\"https:\/\/www.telessaude.uerj.br\/site\/iniciacao-cientifica\/\"><img loading=\"lazy\" decoding=\"async\" width=\"300\" height=\"300\" src=\"https:\/\/www.telessaude.uerj.br\/site\/wp-content\/uploads\/sites\/4\/2024\/12\/iniciacaocolorida-e1734368486177-300x300.png\" class=\"image wp-image-3297  attachment-medium size-medium\" alt=\"\" style=\"max-width: 100%; height: auto;\" srcset=\"https:\/\/www.telessaude.uerj.br\/site\/wp-content\/uploads\/sites\/4\/2024\/12\/iniciacaocolorida-e1734368486177-300x300.png 300w, https:\/\/www.telessaude.uerj.br\/site\/wp-content\/uploads\/sites\/4\/2024\/12\/iniciacaocolorida-e1734368486177-150x150.png 150w, https:\/\/www.telessaude.uerj.br\/site\/wp-content\/uploads\/sites\/4\/2024\/12\/iniciacaocolorida-e1734368486177.png 733w\" sizes=\"auto, (max-width: 300px) 100vw, 300px\" \/><\/a><\/div><\/div><div id=\"pgc-336-12-2\"  class=\"panel-grid-cell\" ><div id=\"panel-336-12-2-0\" class=\"so-panel widget widget_media_image panel-first-child panel-last-child\" data-index=\"16\" ><a href=\"https:\/\/www.telessaude.uerj.br\/mestrado\/programa-de-extensao-telemedicina-e-telessaude\/\"><img loading=\"lazy\" decoding=\"async\" width=\"300\" height=\"300\" src=\"https:\/\/www.telessaude.uerj.br\/site\/wp-content\/uploads\/sites\/4\/2023\/08\/EXTENSAO-300x300.png\" class=\"image wp-image-2896  attachment-medium size-medium\" alt=\"\" style=\"max-width: 100%; height: auto;\" srcset=\"https:\/\/www.telessaude.uerj.br\/site\/wp-content\/uploads\/sites\/4\/2023\/08\/EXTENSAO-300x300.png 300w, https:\/\/www.telessaude.uerj.br\/site\/wp-content\/uploads\/sites\/4\/2023\/08\/EXTENSAO-150x150.png 150w, https:\/\/www.telessaude.uerj.br\/site\/wp-content\/uploads\/sites\/4\/2023\/08\/EXTENSAO.png 400w\" sizes=\"auto, (max-width: 300px) 100vw, 300px\" \/><\/a><\/div><\/div><div id=\"pgc-336-12-3\"  class=\"panel-grid-cell\" ><div id=\"panel-336-12-3-0\" class=\"so-panel widget widget_media_image panel-first-child panel-last-child\" data-index=\"17\" ><a href=\"https:\/\/www.telessaude.uerj.br\/mestrado\/\"><img loading=\"lazy\" decoding=\"async\" width=\"300\" height=\"300\" src=\"https:\/\/www.telessaude.uerj.br\/site\/wp-content\/uploads\/sites\/4\/2023\/08\/pos-300x300.png\" class=\"image wp-image-2895  attachment-medium size-medium\" alt=\"\" style=\"max-width: 100%; height: auto;\" srcset=\"https:\/\/www.telessaude.uerj.br\/site\/wp-content\/uploads\/sites\/4\/2023\/08\/pos-300x300.png 300w, https:\/\/www.telessaude.uerj.br\/site\/wp-content\/uploads\/sites\/4\/2023\/08\/pos-150x150.png 150w, https:\/\/www.telessaude.uerj.br\/site\/wp-content\/uploads\/sites\/4\/2023\/08\/pos.png 400w\" sizes=\"auto, (max-width: 300px) 100vw, 300px\" \/><\/a><\/div><\/div><div id=\"pgc-336-12-4\"  class=\"panel-grid-cell\" ><div id=\"panel-336-12-4-0\" class=\"so-panel widget widget_media_image panel-first-child panel-last-child\" data-index=\"18\" ><a href=\"https:\/\/hupedigital.hupe.uerj.br\/\"><img loading=\"lazy\" decoding=\"async\" width=\"300\" height=\"219\" src=\"https:\/\/www.telessaude.uerj.br\/site\/wp-content\/uploads\/sites\/4\/2023\/01\/cruztele-1.png\" class=\"image wp-image-2526  attachment-full size-full\" alt=\"\" style=\"max-width: 100%; height: auto;\" \/><\/a><\/div><\/div><div id=\"pgc-336-12-5\"  class=\"panel-grid-cell\" ><div id=\"panel-336-12-5-0\" class=\"so-panel widget widget_themegrill_flash_image tg-widget tg-image-widget panel-first-child panel-last-child\" data-index=\"19\" >\t<a href=\"https:\/\/www.telessaude.uerj.br\/escola\/\"><img decoding=\"async\" src=\"https:\/\/www.telessaude.uerj.br\/site\/wp-content\/uploads\/sites\/4\/2018\/10\/escola.png\" \/><\/a>\n<\/div><\/div><\/div><div id=\"pg-336-13\"  class=\"panel-grid panel-no-style\" ><div id=\"pgc-336-13-0\"  class=\"panel-grid-cell\" ><div id=\"panel-336-13-0-0\" class=\"so-panel widget widget_themegrill_flash_heading tg-widget section-title-wrapper panel-first-child panel-last-child\" data-index=\"20\" ><\/div><\/div><\/div><div id=\"pg-336-14\"  class=\"panel-grid panel-no-style\" ><div id=\"pgc-336-14-0\"  class=\"panel-grid-cell\" ><div id=\"panel-336-14-0-0\" class=\"so-panel widget widget_themegrill_flash_heading tg-widget section-title-wrapper panel-first-child panel-last-child\" data-index=\"21\" ><\/div><\/div><\/div><div id=\"pg-336-15\"  class=\"panel-grid panel-no-style\" ><div id=\"pgc-336-15-0\"  class=\"panel-grid-cell\" ><div id=\"panel-336-15-0-0\" class=\"so-panel widget widget_themegrill_flash_heading tg-widget section-title-wrapper panel-first-child panel-last-child\" data-index=\"22\" >\t<h3 class=\"section-title\">Redes Sociais<\/h3>\n\t<div class=\"section-description\">Conhe\u00e7a nossas redes sociais e fique por dentro!<\/div>\n<\/div><\/div><\/div><div id=\"pg-336-16\"  class=\"panel-grid panel-has-style\" ><div class=\"siteorigin-panels-stretch panel-row-style panel-row-style-for-336-16\" data-stretch-type=\"full\" ><div id=\"pgc-336-16-0\"  class=\"panel-grid-cell\" ><div id=\"panel-336-16-0-0\" class=\"so-panel widget widget_themegrill_flash_image tg-widget tg-image-widget panel-first-child panel-last-child\" data-index=\"23\" >\t<a href=\"https:\/\/www.instagram.com\/telessaudeuerj\/\"><img decoding=\"async\" src=\"https:\/\/www.telessaude.uerj.br\/site\/wp-content\/uploads\/sites\/4\/2023\/07\/INSTGR.png\" \/><\/a>\n<\/div><\/div><div id=\"pgc-336-16-1\"  class=\"panel-grid-cell\" ><div id=\"panel-336-16-1-0\" class=\"so-panel widget widget_themegrill_flash_image tg-widget tg-image-widget panel-first-child panel-last-child\" data-index=\"24\" >\t<a href=\"http:\/\/www.linkedin.com\/in\/telessa\u00fade-uerj\"><img decoding=\"async\" src=\"https:\/\/www.telessaude.uerj.br\/site\/wp-content\/uploads\/sites\/4\/2023\/07\/LIKND-1.png\" \/><\/a>\n<\/div><\/div><div id=\"pgc-336-16-2\"  class=\"panel-grid-cell\" ><div id=\"panel-336-16-2-0\" class=\"so-panel widget widget_themegrill_flash_image tg-widget tg-image-widget panel-first-child panel-last-child\" data-index=\"25\" >\t<a href=\"http:\/\/www.youtube.com\/user\/telessauderj\"><img decoding=\"async\" src=\"https:\/\/www.telessaude.uerj.br\/site\/wp-content\/uploads\/sites\/4\/2023\/07\/YT.png\" \/><\/a>\n<\/div><\/div><\/div><\/div><div id=\"pg-336-17\"  class=\"panel-grid panel-no-style\" ><div id=\"pgc-336-17-0\"  class=\"panel-grid-cell\" ><div id=\"panel-336-17-0-0\" class=\"so-panel widget widget_themegrill_flash_heading tg-widget section-title-wrapper panel-first-child panel-last-child\" data-index=\"26\" ><\/div><\/div><\/div><div id=\"pg-336-18\"  class=\"panel-grid panel-no-style\" ><div id=\"pgc-336-18-0\"  class=\"panel-grid-cell\" ><div id=\"panel-336-18-0-0\" class=\"so-panel widget widget_themegrill_flash_heading tg-widget section-title-wrapper panel-first-child\" data-index=\"27\" >\t<h3 class=\"section-title\">TELESSA\u00daDE UERJ | N\u00daCLEO DE TELESSA\u00daDE E SA\u00daDE DIGITAL<\/h3>\n\t<div class=\"section-description\">Boulevard 28 de Setembro, 77. Pr\u00e9dio CePeM - 3\u00b0 andar. Vila Isabel, Rio de Janeiro, RJ, Brasil - CEP: 20551-030<\/div>\n<\/div><div id=\"panel-336-18-0-2\" class=\"so-panel widget widget_themegrill_flash_heading tg-widget section-title-wrapper\" data-index=\"29\" ><\/div><div id=\"panel-336-18-0-3\" class=\"so-panel widget widget_themegrill_flash_heading tg-widget section-title-wrapper\" data-index=\"30\" ><\/div><\/div><\/div><\/div>","protected":false},"excerpt":{"rendered":"<p>TELESSA\u00daDE UERJ | N\u00daCLEO DE TELESSA\u00daDE E SA\u00daDE DIGITAL SEJA BEM VINDO! Ensino, Pesquisa, Extens\u00e3o, Assist\u00eancia e Inova\u00e7\u00e3o nas Tecnologias [&hellip;]<\/p>\n","protected":false},"author":1,"featured_media":0,"parent":0,"menu_order":0,"comment_status":"closed","ping_status":"closed","template":"page-templates\/full-width.php","meta":{"_monsterinsights_skip_tracking":false,"_monsterinsights_sitenote_active":false,"_monsterinsights_sitenote_note":"","_monsterinsights_sitenote_category":0,"footnotes":""},"class_list":["post-336","page","type-page","status-publish","hentry"],"aioseo_notices":[],"_links":{"self":[{"href":"https:\/\/www.telessaude.uerj.br\/site\/wp-json\/wp\/v2\/pages\/336","targetHints":{"allow":["GET"]}}],"collection":[{"href":"https:\/\/www.telessaude.uerj.br\/site\/wp-json\/wp\/v2\/pages"}],"about":[{"href":"https:\/\/www.telessaude.uerj.br\/site\/wp-json\/wp\/v2\/types\/page"}],"author":[{"embeddable":true,"href":"https:\/\/www.telessaude.uerj.br\/site\/wp-json\/wp\/v2\/users\/1"}],"replies":[{"embeddable":true,"href":"https:\/\/www.telessaude.uerj.br\/site\/wp-json\/wp\/v2\/comments?post=336"}],"version-history":[{"count":3,"href":"https:\/\/www.telessaude.uerj.br\/site\/wp-json\/wp\/v2\/pages\/336\/revisions"}],"predecessor-version":[{"id":3563,"href":"https:\/\/www.telessaude.uerj.br\/site\/wp-json\/wp\/v2\/pages\/336\/revisions\/3563"}],"wp:attachment":[{"href":"https:\/\/www.telessaude.uerj.br\/site\/wp-json\/wp\/v2\/media?parent=336"}],"curies":[{"name":"wp","href":"https:\/\/api.w.org\/{rel}","templated":true}]}}