{"id":3460,"date":"2025-07-15T12:37:42","date_gmt":"2025-07-15T15:37:42","guid":{"rendered":"https:\/\/www.telessaude.uerj.br\/site\/?page_id=3460"},"modified":"2026-02-05T12:35:57","modified_gmt":"2026-02-05T15:35:57","slug":"pet-saude-digital","status":"publish","type":"page","link":"https:\/\/www.telessaude.uerj.br\/site\/pet-saude-digital\/","title":{"rendered":"PET-Sa\u00fade Digital"},"content":{"rendered":"\n<h2 class=\"wp-block-heading\"><\/h2>\n\n\n<div class=\"wp-block-image\">\n<figure class=\"aligncenter size-large is-resized\"><img loading=\"lazy\" decoding=\"async\" width=\"1024\" height=\"284\" src=\"https:\/\/www.telessaude.uerj.br\/site\/wp-content\/uploads\/sites\/4\/2025\/09\/PET_HORZINTALCOR-1024x284.png\" alt=\"\" class=\"wp-image-3512\" style=\"width:512px;height:auto\" srcset=\"https:\/\/www.telessaude.uerj.br\/site\/wp-content\/uploads\/sites\/4\/2025\/09\/PET_HORZINTALCOR-1024x284.png 1024w, https:\/\/www.telessaude.uerj.br\/site\/wp-content\/uploads\/sites\/4\/2025\/09\/PET_HORZINTALCOR-300x83.png 300w, https:\/\/www.telessaude.uerj.br\/site\/wp-content\/uploads\/sites\/4\/2025\/09\/PET_HORZINTALCOR-768x213.png 768w, https:\/\/www.telessaude.uerj.br\/site\/wp-content\/uploads\/sites\/4\/2025\/09\/PET_HORZINTALCOR-1536x427.png 1536w, https:\/\/www.telessaude.uerj.br\/site\/wp-content\/uploads\/sites\/4\/2025\/09\/PET_HORZINTALCOR.png 2031w\" sizes=\"auto, (max-width: 1024px) 100vw, 1024px\" \/><\/figure>\n<\/div>\n\n\n<p><strong><em>Apresenta\u00e7\u00e3o<\/em><\/strong>:<\/p>\n\n\n\n<p style=\"font-size:16px\">O PET&nbsp; Informa\u00e7\u00e3o e Sa\u00fade Digital foi idealizado pela&nbsp;<a href=\"https:\/\/www.gov.br\/saude\/pt-br\/composicao\/seidigi\">Secretaria de Informa\u00e7\u00e3o e Sa\u00fade Digital (SEIDIGI)<\/a>&nbsp;do Minist\u00e9rio da Sa\u00fade, em parceria com a&nbsp;<a href=\"https:\/\/www.gov.br\/saude\/pt-br\/composicao\/sgtes\">Secretaria de Gest\u00e3o do Trabalho e da Educa\u00e7\u00e3o na Sa\u00fade (SGTES)<\/a> com a finalidade de promover a integra\u00e7\u00e3o entre ensino, servi\u00e7os de sa\u00fade e comunidade, com foco na transforma\u00e7\u00e3o digital do SUS. &nbsp;A SEIDIGI \u00e9 respons\u00e1vel pela transforma\u00e7\u00e3o digital do SUS e desempenha papel central na sua estrutura\u00e7\u00e3o e implementa\u00e7\u00e3o em aten\u00e7\u00e3o as diretrizes do&nbsp;<a href=\"https:\/\/www.gov.br\/saude\/pt-br\/composicao\/seidigi\/sus-digital\">SUS Digital<\/a>. O PET-Sa\u00fade\/I&amp;SD &nbsp;e induz ao trabalho colaborativo, em rede, a partir de grupos tutoriais formados por docentes, estudantes de cursos de gradua\u00e7\u00e3o da sa\u00fade e outras \u00e1reas relacionadas \u00e0 informa\u00e7\u00e3o. O programa enfatiza a import\u00e2ncia da participa\u00e7\u00e3o tamb\u00e9m de alunos de cursos de v\u00e1rias \u00e1reas da ci\u00eancia, para al\u00e9m da sa\u00fade, como Ci\u00eancia da Computa\u00e7\u00e3o, Engenharia de Software, Engenharia Biom\u00e9dica, Engenharia El\u00e9trica, Ci\u00eancia de Dados, Direito, Economia, Sa\u00fade Coletiva, entre outros.<br><br><strong><a href=\"https:\/\/www.youtube.com\/live\/D5jgxFYIirI\" target=\"_blank\" rel=\"noopener\" title=\"\">Boas-vindas ao Pet-Sa\u00fade: Informa\u00e7\u00e3o e Sa\u00fade Digital<\/a><\/strong><\/p>\n\n\n\n<p><strong><em>O que o Programa traz de novo?<\/em><\/strong><\/p>\n\n\n\n<p><a href=\"https:\/\/www.gov.br\/saude\/pt-br\/composicao\/sgtes\/pet-saude\/pet-saude-digital\">O PET-Sa\u00fade: Informa\u00e7\u00e3o e Sa\u00fade Digital<\/a> inova ao integrar sa\u00fade, educa\u00e7\u00e3o superior e t\u00e9cnica, tecnologia, pesquisa e inova\u00e7\u00e3o no SUS, com foco em:<\/p>\n\n\n\n<ul class=\"wp-block-list\">\n<li>Forma\u00e7\u00e3o cr\u00edtica em sa\u00fade digital&nbsp;&#8211; Capacita profissionais e estudantes para o uso \u00e9tico e estrat\u00e9gico de tecnologias digitais;<\/li>\n\n\n\n<li>Desenvolvimento de solu\u00e7\u00f5es digitais&nbsp;&#8211; Incentiva a cria\u00e7\u00e3o de ferramentas inovadoras, como aplicativos e sistemas interoper\u00e1veis (que \u201cconversam entre si\u201d), para melhorar a gest\u00e3o do cuidado e o acesso aos servi\u00e7os de sa\u00fade;<\/li>\n\n\n\n<li>Cultura de dados seguros&nbsp;&#8211; Promove a prote\u00e7\u00e3o de informa\u00e7\u00f5es e a troca de dados entre diferentes n\u00edveis de aten\u00e7\u00e3o do SUS.<\/li>\n<\/ul>\n\n\n\n<p><strong>Projeto UERJ<\/strong><\/p>\n\n\n\n<p><strong>Conecta Sa\u00fade Digital RIO: Inova\u00e7\u00e3o e Forma\u00e7\u00e3o Interprofissional em Telessa\u00fade e Sa\u00fade Digital no Estado do Rio de Janeiro<\/strong><\/p>\n\n\n\n<p>Parceiro institucional: <strong><a href=\"https:\/\/www.rj.gov.br\/saude\/\" target=\"_blank\" rel=\"noopener\" title=\"\">SES-RJ<\/a><\/strong><\/p>\n\n\n\n<p><strong><em>Objetivo:<\/em><\/strong> Desenvolver a\u00e7\u00f5es de educa\u00e7\u00e3o, forma\u00e7\u00e3o continuada e de educa\u00e7\u00e3o pelo trabalho, al\u00e9m de pesquisa e inova\u00e7\u00e3o, promover a integra\u00e7\u00e3o ensino-servi\u00e7o-comunidade e assim contribuir para a transforma\u00e7\u00e3o digital no Sistema \u00danico de Sa\u00fade, do estado do Rio de Janeiro, alinhado aos princ\u00edpios do SUS e \u00e0s diretrizes do Programa SUS Digital, com foco na forma\u00e7\u00e3o interprofissional e no uso \u00e9tico, cr\u00edtico, eficaz, eficiente e efetivo das tecnologias digitais em sa\u00fade. Alinhamento com Objetivos do Programa SUS Digital.<\/p>\n\n\n\n<p><strong>Coordena\u00e7\u00e3o Geral:<\/strong> M\u00e1rcia Rendeiro<\/p>\n\n\n\n<p><strong><em>Eixos tem\u00e1ticos:<\/em><\/strong><\/p>\n\n\n\n<ul class=\"wp-block-list\">\n<li><strong>Eixo 1 \u2013 Desenvolvimento Docente em Sa\u00fade Digital<br>Coordenadoras: <\/strong>Renata Aranha e Anna Tereza Soares de Moura<br><strong>Objetivo:<\/strong> Promover o desenvolvimento docente para o ensino, a media\u00e7\u00e3o e a dissemina\u00e7\u00e3o de tecnologias digitais em sa\u00fade, considerando metodologias ativas, e os princ\u00edpios do SUS.<br><br><\/li>\n\n\n\n<li><strong>Eixo 2 \u2013 Gest\u00e3o, Avalia\u00e7\u00e3o e Monitoramento de Tecnologias Digitais em Sa\u00fade<br>Coordenadores: <\/strong>Fabiano Saldanha e Marcia Ney<br><strong>Objetivo: <\/strong>Capacitar profissionais e gestores do SUS para o desenvolvimento de compet\u00eancias relacionadas \u00e0 gest\u00e3o, avalia\u00e7\u00e3o, incorpora\u00e7\u00e3o e monitoramento de tecnologias digitais em sa\u00fade, em conson\u00e2ncia com as pol\u00edticas p\u00fablicas de sa\u00fade e com as diretrizes do programa SUS Digital.<br><br><\/li>\n\n\n\n<li><strong>Eixo 3 \u2013 Telessa\u00fade nas Redes de Aten\u00e7\u00e3o \u00e0 Sa\u00fade<br>Coordenadoras: <\/strong>Alexandra Monteiro e Magda Araujo<br><strong>Objetivo: <\/strong>Capacitar graduandos da \u00e1rea da sa\u00fade, profissionais e trabalhadores do SUS para o uso \u00e9tico, respons\u00e1vel e baseado em boas pr\u00e1ticas da telessa\u00fade, fortalecendo a integralidade do cuidado nas Redes de Aten\u00e7\u00e3o \u00e0 Sa\u00fade.<br><br><\/li>\n\n\n\n<li><strong>Eixo 4 \u2013 Registro Eletr\u00f4nico, Interoperabilidade e Gest\u00e3o da Informa\u00e7\u00e3o em Sa\u00fade<br>Coordenadores:<\/strong> R\u00f4mulo Souza e Rosa Costa<br><strong>Objetivo: <\/strong>Capacitar profissionais e gestores do SUS para o registro qualificado de dados digitais em sistemas de informa\u00e7\u00e3o e prontu\u00e1rios eletr\u00f4nicos em sa\u00fade, bem como para a compreens\u00e3o dos processos de interoperabilidade, seguran\u00e7a da informa\u00e7\u00e3o e uso dos dados para a gest\u00e3o e o cuidado em sa\u00fade.<br><br><\/li>\n\n\n\n<li><strong>Eixo 5 \u2013 Forma\u00e7\u00e3o Multiprofissional em Sa\u00fade Digital <br>Coordenadoras: <\/strong>Maria Isabel de Castro de Souza e Renata Rocha Jorge<br><strong>Objetivo: <\/strong>Promover a forma\u00e7\u00e3o multiprofissional de graduandos e profissionais da sa\u00fade para o uso integrado, cr\u00edtico e colaborativo das tecnologias digitais na sa\u00fade, fortalecendo pr\u00e1ticas interdisciplinares no cuidado, na gest\u00e3o e na educa\u00e7\u00e3o em sa\u00fade.<\/li>\n<\/ul>\n\n\n\n<p><\/p>\n\n\n\n<p><strong><em>Composi\u00e7\u00e3o dos Grupos Tutoriais:<\/em><\/strong><\/p>\n\n\n\n<ol class=\"wp-block-list\">\n<li>Tutor: 2 docentes UERJ<\/li>\n\n\n\n<li>Preceptor: 2 profissionais do servi\u00e7o de sa\u00fade<\/li>\n\n\n\n<li>Orientador de servi\u00e7o: 1 profissional de sa\u00fade, com representa\u00e7\u00e3o da gest\u00e3o estadual.<\/li>\n\n\n\n<li>Monitor: 10 estudantes distribu\u00eddos entre 8 estudantes na gradua\u00e7\u00e3o e 2 estudantes na p\u00f3s-gradua\u00e7\u00e3o<\/li>\n<\/ol>\n\n\n\n<p><\/p>\n\n\n\n<p><\/p>\n\n\n\n<p><\/p>\n\n\n\n<p><\/p>\n\n\n\n<p><\/p>\n","protected":false},"excerpt":{"rendered":"<p>Apresenta\u00e7\u00e3o: O PET&nbsp; Informa\u00e7\u00e3o e Sa\u00fade Digital foi idealizado pela&nbsp;Secretaria de Informa\u00e7\u00e3o e Sa\u00fade Digital (SEIDIGI)&nbsp;do Minist\u00e9rio da Sa\u00fade, em [&hellip;]<\/p>\n","protected":false},"author":4,"featured_media":0,"parent":0,"menu_order":0,"comment_status":"closed","ping_status":"closed","template":"","meta":{"_monsterinsights_skip_tracking":false,"_monsterinsights_sitenote_active":false,"_monsterinsights_sitenote_note":"","_monsterinsights_sitenote_category":0,"footnotes":""},"class_list":["post-3460","page","type-page","status-publish","hentry"],"aioseo_notices":[],"_links":{"self":[{"href":"https:\/\/www.telessaude.uerj.br\/site\/wp-json\/wp\/v2\/pages\/3460","targetHints":{"allow":["GET"]}}],"collection":[{"href":"https:\/\/www.telessaude.uerj.br\/site\/wp-json\/wp\/v2\/pages"}],"about":[{"href":"https:\/\/www.telessaude.uerj.br\/site\/wp-json\/wp\/v2\/types\/page"}],"author":[{"embeddable":true,"href":"https:\/\/www.telessaude.uerj.br\/site\/wp-json\/wp\/v2\/users\/4"}],"replies":[{"embeddable":true,"href":"https:\/\/www.telessaude.uerj.br\/site\/wp-json\/wp\/v2\/comments?post=3460"}],"version-history":[{"count":2,"href":"https:\/\/www.telessaude.uerj.br\/site\/wp-json\/wp\/v2\/pages\/3460\/revisions"}],"predecessor-version":[{"id":3602,"href":"https:\/\/www.telessaude.uerj.br\/site\/wp-json\/wp\/v2\/pages\/3460\/revisions\/3602"}],"wp:attachment":[{"href":"https:\/\/www.telessaude.uerj.br\/site\/wp-json\/wp\/v2\/media?parent=3460"}],"curies":[{"name":"wp","href":"https:\/\/api.w.org\/{rel}","templated":true}]}}